{"id":131,"date":"2018-01-06T14:10:40","date_gmt":"2018-01-06T13:10:40","guid":{"rendered":"http:\/\/challengeregionalfoulees32.fr\/?page_id=131"},"modified":"2019-03-25T11:16:12","modified_gmt":"2019-03-25T10:16:12","slug":"cmassement-final","status":"publish","type":"page","link":"https:\/\/challengeregionalfoulees32.fr\/?page_id=131","title":{"rendered":"Classement Final"},"content":{"rendered":"<p><a href=\"http:\/\/challengeregionalfoulees32.fr\/wp-content\/uploads\/2019\/03\/Classement-Hommes-1-a\u0300-30-2018.pdf\">Classement Hommes 1 a\u0300 30 2018<\/a><\/p>\n<p><a href=\"http:\/\/challengeregionalfoulees32.fr\/wp-content\/uploads\/2018\/12\/Classement-Mixte-1-a\u0300-24-20181437.pdf\">Classement Mixte 1 a\u0300 24 2018[1437]<\/a><\/p>\n<p><a href=\"http:\/\/challengeregionalfoulees32.fr\/wp-content\/uploads\/2018\/12\/Classement-Mixte-1-a\u0300-24-2018-550e-Hommes1438.pdf\">Classement Mixte 1 a\u0300 24 2018 550e Hommes[1438]<\/a><\/p>\n<p><a href=\"http:\/\/challengeregionalfoulees32.fr\/wp-content\/uploads\/2018\/12\/Classement-Mixte-1-a\u0300-24-2018-500e-Femmes1439.pdf\">Classement Mixte 1 a\u0300 24 2018 500e Femmes[1439]<\/a><\/p>\n<p><a href=\"http:\/\/challengeregionalfoulees32.fr\/wp-content\/uploads\/2018\/08\/Classement-Mixte-1-\u00e0-14-option-A-2018.pdf\">Classement Mixte 1 \u00e0 14 option A 2018<\/a><\/p>\n<p><a href=\"http:\/\/challengeregionalfoulees32.fr\/wp-content\/uploads\/2018\/08\/Classement-Mixte-1-\u00e0-14-FEMMES-2018.pdf\">Classement Mixte 1 \u00e0 14 FEMMES 2018<\/a><\/p>\n<p><a href=\"http:\/\/challengeregionalfoulees32.fr\/wp-content\/uploads\/2018\/08\/Classement-Mixte-1-\u00e0-14-CLAST-HOMMES-2018.pdf\">Classement Mixte 1 \u00e0 14 CLAST HOMMES 2018<\/a><\/p>\n<p><a href=\"http:\/\/challengeregionalfoulees32.fr\/wp-content\/uploads\/2018\/08\/Classement-Mixte-1-a\u0300-option-A-2018.pdf\">Classement Mixte 1 a\u0300 option A 2018<\/a><\/p>\n<p><a href=\"http:\/\/challengeregionalfoulees32.fr\/wp-content\/uploads\/2018\/08\/classement-2017.pdf\">classement 2017<\/a><\/p>\n<p>&nbsp;<\/p>\n","protected":false},"excerpt":{"rendered":"<p>Classement Hommes 1 a\u0300 30 2018 Classement Mixte 1 a\u0300 24 2018[1437] Classement Mixte 1 a\u0300 24 2018 550e Hommes[1438] Classement Mixte 1 a\u0300 24 2018 500e Femmes[1439] Classement Mixte 1 \u00e0 14 option A 2018 Classement Mixte 1 \u00e0 14 FEMMES 2018 Classement Mixte 1 \u00e0 14 CLAST HOMMES 2018 Classement Mixte 1 a\u0300 &hellip; <\/p>\n<p class=\"link-more\"><a href=\"https:\/\/challengeregionalfoulees32.fr\/?page_id=131\" class=\"more-link\">Continuer la lecture<span class=\"screen-reader-text\"> de &laquo;&nbsp;Classement Final&nbsp;&raquo;<\/span><\/a><\/p>\n","protected":false},"author":1,"featured_media":0,"parent":0,"menu_order":0,"comment_status":"closed","ping_status":"closed","template":"","meta":{"footnotes":""},"_links":{"self":[{"href":"https:\/\/challengeregionalfoulees32.fr\/index.php?rest_route=\/wp\/v2\/pages\/131"}],"collection":[{"href":"https:\/\/challengeregionalfoulees32.fr\/index.php?rest_route=\/wp\/v2\/pages"}],"about":[{"href":"https:\/\/challengeregionalfoulees32.fr\/index.php?rest_route=\/wp\/v2\/types\/page"}],"author":[{"embeddable":true,"href":"https:\/\/challengeregionalfoulees32.fr\/index.php?rest_route=\/wp\/v2\/users\/1"}],"replies":[{"embeddable":true,"href":"https:\/\/challengeregionalfoulees32.fr\/index.php?rest_route=%2Fwp%2Fv2%2Fcomments&post=131"}],"version-history":[{"count":12,"href":"https:\/\/challengeregionalfoulees32.fr\/index.php?rest_route=\/wp\/v2\/pages\/131\/revisions"}],"predecessor-version":[{"id":675,"href":"https:\/\/challengeregionalfoulees32.fr\/index.php?rest_route=\/wp\/v2\/pages\/131\/revisions\/675"}],"wp:attachment":[{"href":"https:\/\/challengeregionalfoulees32.fr\/index.php?rest_route=%2Fwp%2Fv2%2Fmedia&parent=131"}],"curies":[{"name":"wp","href":"https:\/\/api.w.org\/{rel}","templated":true}]}}