{"id":271,"date":"2018-07-12T06:58:02","date_gmt":"2018-07-12T04:58:02","guid":{"rendered":"http:\/\/challengeregionalfoulees32.fr\/?page_id=271"},"modified":"2023-12-07T12:09:59","modified_gmt":"2023-12-07T11:09:59","slug":"info-derniere-minute","status":"publish","type":"page","link":"https:\/\/challengeregionalfoulees32.fr\/?page_id=271","title":{"rendered":"INFO DERNIERE MINUTE&#8230;&#8230;"},"content":{"rendered":"<p>&nbsp;<\/p>\n<p><strong>pr\u00e9paration 2024<\/strong><\/p>\n<p>Organisateur, vous d\u00e9sirez faire parti du challenge 2024, n&rsquo;h\u00e9sitez pas \u00e0 nous contacter.<\/p>\n<p>Comp\u00e9titeur, une course vous a plu et vous voudriez qu&rsquo;elle soit au challenge ou voir une course ne vous a pas plu ( et oui \u00e7a peut arriver) idem contactez nous .<\/p>\n<p><strong>2023<\/strong><\/p>\n<p>Attention suite pas de classement ni chronom\u00e9trage \u00e0 la Corrida Lou Berretes d&rsquo;Aureilhan,\u00a0 l&rsquo;\u00e9preuve ne compte plus pour le challenge et est remplac\u00e9 par<\/p>\n<p>Tout Agen Court A No\u00ebl samedi 16 d\u00e9cembre \u00e0 20h<\/p>\n<p>5 kms &#8211; 600 pts et 10kms &#8211; 1000 pts<\/p>\n<p><a href=\"https:\/\/toutagencourtanoel.wordpress.com\/\">https:\/\/toutagencourtanoel.wordpress.com\/<\/a><\/p>\n<p><strong>DERNIERES Epreuves 2023 et lien inscriptions<\/strong><\/p>\n<p>12 novembre Montadet\u00a0 \u00ab\u00a0Une foul\u00e9e pour Corentin\u00a0\u00bb<\/p>\n<p><a href=\"https:\/\/une-foulee-pour-corentin-2023.onsinscrit.com\/accueil.php\">https:\/\/une-foulee-pour-corentin-2023.onsinscrit.com\/accueil.php<\/a><\/p>\n<p>18 et 19 novembre St Pierre de Clairac (47) \u00ab\u00a0Grand week end trail psno\u00a0\u00bb<\/p>\n<p><a href=\"https:\/\/chronometrage.com\/events\/grand-week-end-trail-2023\">https:\/\/chronometrage.com\/events\/grand-week-end-trail-2023<\/a><\/p>\n<p>24 novembre \u00ab\u00a0les 21kms de Casteljaloux(47)\u00a0\u00bb<\/p>\n<p><a href=\"https:\/\/www.njuko.net\/21kmdecasteljaloux-2023\/select_competition\">https:\/\/www.njuko.net\/21kmdecasteljaloux-2023\/select_competition<\/a><\/p>\n<p>10 d\u00e9cembre Cauderoue\u00a0 (47) \u00ab\u00a0Trail des sables\u00a0\u00bb<\/p>\n<p><a href=\"https:\/\/pyreneeschrono.fr\/evenement\/trail-des-sables\/\">https:\/\/pyreneeschrono.fr\/evenement\/trail-des-sables\/<\/a><\/p>\n<p>24 d\u00e9cembre Aureilhan (65) \u00ab\u00a0Corrida lou berretes\u00a0\u00bb<\/p>\n<p><a href=\"https:\/\/asca-fgf-aureilhan.clubeo.com\/\">https:\/\/asca-fgf-aureilhan.clubeo.com\/<\/a><\/p>\n<p>30 d\u00e9cembre Auch \u00ab\u00a0corrida des berges\u00a0\u00bb<\/p>\n<p><a href=\"https:\/\/www.njuko.net\/corrida_gers_2023\/select_competition\">https:\/\/www.njuko.net\/corrida_gers_2023\/select_competition<\/a><\/p>\n<p>Info annulation<\/p>\n<p>2 septembre st mont en course inscription sur pyr\u00e9n\u00e9es chrono jusqu&rsquo;au 29 ao\u00fbt en fonction place disponible<\/p>\n<p>27 ao\u00fbt Orn\u00e9zan \u00e9preuve annul\u00e9e remplac\u00e9 par Montadet le 12 novembre<\/p>\n<p>20 ao\u00fbt estang trail de la houn sant \u00e9preuve annul\u00e9e remplac\u00e9 par 3 septembre la ronda des\u00a0 coudous \u00e0 l&rsquo;isle jourdain 14kms\u00a0 et la Souessoise \u00e0 Soues (65)<\/p>\n<p>5 ao\u00fbt l\u00e9mbeye \u00e9preuve annul\u00e9 remplac\u00e9 par \u00ab\u00a0Garonne en f\u00eate\u00a0\u00bb \u00e0 Colayrac st cirq le 19 ao\u00fbt (47) 10.2 km en bord de garonne<\/p>\n<p>28 mai Marestaing : course annul\u00e9e &#8211;\u00a0 une \u00e9preuve est s\u00e9lectionn\u00e9e pour la remplac\u00e9e ce sera le 20 mai \u00e0 Samatan lors de la maxi verte lien sur fb\u00a0<a href=\"https:\/\/www.facebook.com\/challengefoulees\">https:\/\/www.facebook.com\/challengefoulees<\/a> en attendant modif calendrier<\/p>\n<p><strong>2022<\/strong><\/p>\n<p><strong>remise des prix : la date est fix\u00e9 au vendredi 10 f\u00e9vrier 2023 au \u00ab\u00a0golf d&#8217;embats\u00a0\u00bb \u00e0 Auch<\/strong><\/p>\n<p><strong>PROCHAINES EPREUVES :<br \/><\/strong><\/p>\n<p>26 NOVEMBRE 2022 &#8211; \u00a0\u00bb COURSE AUTOUR DE GARGAS \u00a0\u00bb AVENTIGNAN (65)<\/p>\n<p>24 DECEMBRE 2022 &#8211;\u00a0\u00bb CORRIDA LOU BERETES\u00a0\u00bb AUREILHAN (65)<\/p>\n<p>31 DECEMBRE 2022\u00a0 &#8211; \u00ab\u00a0CORRIDA D&rsquo;AUCH\u00a0\u00bb<\/p>\n<p>2019<\/p>\n<p><strong>!!!&#8230; ANNULATION DE LA COURSE DU 22 SEPTEMBRE 2019 \u00e0 PREIGNAN et REMPLACEE PAR LA COURSE EN OPTION\u00a0 \u00e0 L&rsquo;ISLE EN DODON<\/strong><\/p>\n<p>2018<\/p>\n<p>!!!&#8230; ANNULATION DE LA COURSE DU 22 DECEMBRE\u00a0 \u00e0 VALENCE SUR BAISE\u00a0 et REMPLACEE PAR LA COURSE EN OPTION\u00a0 C \u00e0 AUREILHAN (65)<\/p>\n<p>ANNULATION DE LA COURSE DU 15 JUILLET 2018 ANTIN ( 65 )<\/p>\n<p>COURSE DU 21 07 REPORTEE AU 27 07 2018 FOULEES DU GER ORGANISATEUR LANUTS DES TETS leu-ponneau@hotmail.fr<\/p>\n\n\n<p><\/p>\n\n\n\n<p><\/p>\n","protected":false},"excerpt":{"rendered":"<p>&nbsp; pr\u00e9paration 2024 Organisateur, vous d\u00e9sirez faire parti du challenge 2024, n&rsquo;h\u00e9sitez pas \u00e0 nous contacter. Comp\u00e9titeur, une course vous a plu et vous voudriez qu&rsquo;elle soit au challenge ou voir une course ne vous a pas plu ( et oui \u00e7a peut arriver) idem contactez nous . 2023 Attention suite pas de classement ni &hellip; <\/p>\n<p class=\"link-more\"><a href=\"https:\/\/challengeregionalfoulees32.fr\/?page_id=271\" class=\"more-link\">Continuer la lecture<span class=\"screen-reader-text\"> de &laquo;&nbsp;INFO DERNIERE MINUTE&#8230;&#8230;&nbsp;&raquo;<\/span><\/a><\/p>\n","protected":false},"author":1,"featured_media":0,"parent":0,"menu_order":0,"comment_status":"closed","ping_status":"closed","template":"","meta":{"footnotes":""},"_links":{"self":[{"href":"https:\/\/challengeregionalfoulees32.fr\/index.php?rest_route=\/wp\/v2\/pages\/271"}],"collection":[{"href":"https:\/\/challengeregionalfoulees32.fr\/index.php?rest_route=\/wp\/v2\/pages"}],"about":[{"href":"https:\/\/challengeregionalfoulees32.fr\/index.php?rest_route=\/wp\/v2\/types\/page"}],"author":[{"embeddable":true,"href":"https:\/\/challengeregionalfoulees32.fr\/index.php?rest_route=\/wp\/v2\/users\/1"}],"replies":[{"embeddable":true,"href":"https:\/\/challengeregionalfoulees32.fr\/index.php?rest_route=%2Fwp%2Fv2%2Fcomments&post=271"}],"version-history":[{"count":17,"href":"https:\/\/challengeregionalfoulees32.fr\/index.php?rest_route=\/wp\/v2\/pages\/271\/revisions"}],"predecessor-version":[{"id":1610,"href":"https:\/\/challengeregionalfoulees32.fr\/index.php?rest_route=\/wp\/v2\/pages\/271\/revisions\/1610"}],"wp:attachment":[{"href":"https:\/\/challengeregionalfoulees32.fr\/index.php?rest_route=%2Fwp%2Fv2%2Fmedia&parent=271"}],"curies":[{"name":"wp","href":"https:\/\/api.w.org\/{rel}","templated":true}]}}