{"id":58,"date":"2017-12-11T09:48:22","date_gmt":"2017-12-11T08:48:22","guid":{"rendered":"http:\/\/challengeregionalfoulees32.fr\/?page_id=58"},"modified":"2019-03-25T10:55:25","modified_gmt":"2019-03-25T09:55:25","slug":"partenaires","status":"publish","type":"page","link":"https:\/\/challengeregionalfoulees32.fr\/?page_id=58","title":{"rendered":"SPONSORS"},"content":{"rendered":"<p><strong>ENTREPRISES, ARTISANS, COMMERCANTS :<\/strong><\/p>\n<p><strong>1 : HARMONIE MUTUELLE<\/strong> 4 rue de la Tuilerie Immeuble PERI EST bat B 31130 BALMA \u2013<\/p>\n<p><strong> 2 : COLAS SUD OUEST<\/strong> Avenue Charles Lindbergh BP342 33694 M\u00e9rignac C\u00e9dex \u2013<\/p>\n<p><strong>3 : FRANCE PARE BRISE<\/strong> 3 rue Louise Michel 32000 AUCH \u2013<\/p>\n<p><strong> 4 : Syndicat des Vignerons C\u00f4tes de Gascogne<\/strong> Avenue d\u2019Armagnac 32800 EAUZE \u2013<\/p>\n<p><strong> 5 : TROISEL<\/strong> E 32500 Fleurance \u2013<\/p>\n<p><strong> 6 : EURL CPR<\/strong> ZI EST rue Marcel Luquet 32000 AUCH \u2013<\/p>\n<p><strong> 7 : CENTRE LECLERC<\/strong> Zone de Clarac 32000 AUCH \u2013<\/p>\n<p><strong>8 : CAMOZZI MATERIAUX<\/strong> rue D. Serres 32000 AUCH \u2013<\/p>\n<p><strong> 9 ARTHRUM<\/strong> 9, all\u00e9es Promethes 28000 CHARTRES \u2013<\/p>\n<p><strong> 10 : AUCH AUTOMOBILE<\/strong> ZAC DU MOULIOT 4 All\u00e9e Berthe Morisot 32000 AUCH \u2013<\/p>\n<p><strong>11 : RIVIERE PNEUS<\/strong> \u2013 POINT S 193 rue Victor Hugo 32000 AUCH \u2013<\/p>\n<p><strong> 12 : SEBASTIEN \u2013 KHERMOYANT ASSURANCES<\/strong> 4 Avenue de l\u2019Yser 32000 AUCH \u2013<\/p>\n<p><strong>13 : LE PETIT JOURNAL<\/strong> 17, chemin de Fisset 8200 MONTAUBAN \u2013<\/p>\n<p><strong> 14 : BUREAU MODERNE<\/strong> SEB ZI Parc des Pyr\u00e9n\u00e9es rue de Viscos 65420 IBOS \u2013<\/p>\n<p><strong>15 : OPTIC 2000 ROGER OPTIQUE<\/strong> 13 rue du G\u00e9n\u00e9ral Schlesser 32000 AUCH \u2013<\/p>\n<p><strong>16 : FRANS BONHOMME<\/strong> 11 rue Aim\u00e9 C\u00e9saire 32000 AUCH \u2013<\/p>\n<p><strong> 17 : BNIA<\/strong> 11 Place de la Libert\u00e9 32800 EAUZE \u2013<\/p>\n<p><strong>18 : LABORATOIRE FERNANDEZ<\/strong> 13 Avenue d\u2019Alsace 32000 AUCH \u2013<\/p>\n<p><strong> 19 : SEMEZIES CORINNE<\/strong> Artigues 32300 MIRANDE \u2013<\/p>\n<p><strong>20 : PHARMACIE AGNES MAUROUX<\/strong> 223 Route d\u2019Agen 32000 AUCH \u2013<\/p>\n<p><strong> 21 : GELAS et FILS<\/strong> 46 Avenue Edmond Berges 32190 VIC FEZENSAC \u2013<\/p>\n<p><strong> 22 : GENZYME AUTORISATION<\/strong> 43345 78109 SAINT GERMAIN EN LAYE CEDEX \u2013<\/p>\n<p><strong>23 : LABORATOIRE WELLEDA<\/strong> 9 Avenue Eug\u00e8ne Jung BP 152 68331 HUNINGUE \u2013<\/p>\n<p><strong> 24 : THERMES DE LECTOURE<\/strong> Place Bou\u00e9 de Lapeyr\u00e8re 32700 LECTOURE<\/p>\n<p><strong> 25 : JOGGING INTERNATIONAL<\/strong> Move Publishing 172 bureaux de la Colline 92213 SAINT CLOUD C\u00e9dex \u2013<\/p>\n<p><strong> 26 : SOCIETE GENERALE<\/strong> 16 Rue Gambetta 32000 AUCH \u2013<\/p>\n<p><strong>27 : VEOLIA Eau<\/strong> 3, du Docteur Roux BP 32000 AUCH \u2013<\/p>\n<p><strong> 28 : BOUCHERIE DE L\u2019ABATTOIR<\/strong> Route d\u2019Agen 32000 AUCH \u2013<\/p>\n<p><strong>29 : LECLERC VOYAGES<\/strong> ZAC de Clarac 32000 AUCH \u2013<\/p>\n<p><strong>30 : SN GRAND GARAGE GASCOGNE<\/strong> Route d\u2019Agen BP 31019 32000 AUCH \u2013<\/p>\n<p><strong>31 : EARL DE ROUBIN<\/strong> Chemin de Roquelaure 32000 AUCH \u2013<\/p>\n<p><strong> 32 : GROUPAMA D\u2019OC<\/strong> 21 Avenue de la Marne 32000 AUCH \u2013<\/p>\n<p><strong>33 : EURL BEGORRE ORTHOPEDIE<\/strong> 199 route d\u2019Agen 32000 AUCH \u2013<\/p>\n<p><strong> 34 : CALIPAGE<\/strong> rue Memmignen ZAC Clarac 32000 AUCH \u2013<\/p>\n<p><strong>35 : CREDIT AGRICOLE PYRENEES GASCOGNE<\/strong> 7rue Gambetta 32000 AUCH \u2013<\/p>\n<p><strong>36 : SAS ENTREPRISES JUSTUMUS<\/strong> ZI est dit Bouquet Neuf rue Marc Chagall 32000 AUCH \u2013<\/p>\n<p><strong>37 : MENUISERIES DE GASCOGNE<\/strong> ZI Nordroute d\u2019Agen 32000 AUCH \u2013<\/p>\n<p><strong> 38 : EIFFAGE Gilles MOUROT<\/strong> lieu dit a Terrasse 32100 CONDOM \u2013<\/p>\n<p><strong>39 : MANUFACTURE HORLOGERIE<\/strong> \u2013 LIP Avenue de la Gare 32700 LECTOURE \u2013<\/p>\n<p><strong> 40 : PELLEFIGUE Jo\u00eal en T\u00e9oul\u00e8re<\/strong> 32810 ROQUELAURE \u2013<\/p>\n<p><strong> 41 : INTERSPORT<\/strong> 1 rue Fran\u00e7ois Mauriac 32000 AUCH \u2013<\/p>\n<p><strong>42 : CALIPAGE<\/strong> 32000 AUCH &#8211;<\/p>\n<p><strong>PARTICULIERS:<\/strong><\/p>\n<p><strong>43 : CABOS G\u00e9rard<\/strong> 23 rue G\u00e9n\u00e9ral Schlesser 32000 AUCH \u2013<\/p>\n<p><strong>44 : AIROLDI Jacques<\/strong> le Chalet RDJ Chemin de Bataill\u00e9 32000 AUCH \u2013<\/p>\n<p><strong> 45 : GASVERDE Franck<\/strong> 13 rue Barban\u00e8gre 32000 AUCH \u2013<\/p>\n<p><strong> 46 : RODRIGUEZ Francis<\/strong> lieu dit Bordeneuve 31480 GARAC \u2013<\/p>\n<p><strong>47 : Dr LABENELLE Pierre<\/strong> 55 ter rue de Metz 32000 AUCH \u2013<\/p>\n<p><strong>48 : Dr LARGE Jean-Louis<\/strong> 50 rue de Metz 32000 AUCH \u2013<\/p>\n<p><strong>49 : CAMPISTRON Mathilde<\/strong> 6 rue Lucie Aubrac 32000 AUCH &#8211;<\/p>\n<p><strong>ADMINISTRATIONS :<\/strong><\/p>\n<p><strong>50 : MUNICIPALITE D\u2019AUCH<\/strong> Service des Sports 32000 AUCH &#8211;<\/p>\n<p><strong> 51 : CONSEIL DEPARTEMENTAL<\/strong> du Gers Route de Pessan 32000 AUCH<\/p>\n","protected":false},"excerpt":{"rendered":"<p>ENTREPRISES, ARTISANS, COMMERCANTS : 1 : HARMONIE MUTUELLE 4 rue de la Tuilerie Immeuble PERI EST bat B 31130 BALMA \u2013 2 : COLAS SUD OUEST Avenue Charles Lindbergh BP342 33694 M\u00e9rignac C\u00e9dex \u2013 3 : FRANCE PARE BRISE 3 rue Louise Michel 32000 AUCH \u2013 4 : Syndicat des Vignerons C\u00f4tes de Gascogne Avenue &hellip; <\/p>\n<p class=\"link-more\"><a href=\"https:\/\/challengeregionalfoulees32.fr\/?page_id=58\" class=\"more-link\">Continuer la lecture<span class=\"screen-reader-text\"> de &laquo;&nbsp;SPONSORS&nbsp;&raquo;<\/span><\/a><\/p>\n","protected":false},"author":1,"featured_media":0,"parent":0,"menu_order":0,"comment_status":"closed","ping_status":"closed","template":"","meta":{"footnotes":""},"_links":{"self":[{"href":"https:\/\/challengeregionalfoulees32.fr\/index.php?rest_route=\/wp\/v2\/pages\/58"}],"collection":[{"href":"https:\/\/challengeregionalfoulees32.fr\/index.php?rest_route=\/wp\/v2\/pages"}],"about":[{"href":"https:\/\/challengeregionalfoulees32.fr\/index.php?rest_route=\/wp\/v2\/types\/page"}],"author":[{"embeddable":true,"href":"https:\/\/challengeregionalfoulees32.fr\/index.php?rest_route=\/wp\/v2\/users\/1"}],"replies":[{"embeddable":true,"href":"https:\/\/challengeregionalfoulees32.fr\/index.php?rest_route=%2Fwp%2Fv2%2Fcomments&post=58"}],"version-history":[{"count":5,"href":"https:\/\/challengeregionalfoulees32.fr\/index.php?rest_route=\/wp\/v2\/pages\/58\/revisions"}],"predecessor-version":[{"id":673,"href":"https:\/\/challengeregionalfoulees32.fr\/index.php?rest_route=\/wp\/v2\/pages\/58\/revisions\/673"}],"wp:attachment":[{"href":"https:\/\/challengeregionalfoulees32.fr\/index.php?rest_route=%2Fwp%2Fv2%2Fmedia&parent=58"}],"curies":[{"name":"wp","href":"https:\/\/api.w.org\/{rel}","templated":true}]}}