{"id":7,"date":"2017-12-04T17:41:26","date_gmt":"2017-12-04T16:41:26","guid":{"rendered":"http:\/\/challengeregionalfoulees32.fr\/?page_id=7"},"modified":"2024-03-01T09:33:00","modified_gmt":"2024-03-01T08:33:00","slug":"accueil","status":"publish","type":"page","link":"https:\/\/challengeregionalfoulees32.fr\/","title":{"rendered":"Accueil"},"content":{"rendered":"<p><a href=\"http:\/\/challengeregionalfoulees32.fr\/wp-content\/uploads\/2019\/01\/logo-2019.pdf\">l<\/a>Cette ann\u00e9e\u00a0 2024 ce sera 33 dates, 40 \u00e9preuves et un choix de 76 distances allant de 5 kms \u00e0 26kms diss\u00e9min\u00e9es\u00a0 \u00e0 travers le Gers (18) et ses d\u00e9partements limitrophes ( Haute Garonne (5), Landes (2), Lot et Garonne (5) , Hautes Pyr\u00e9n\u00e9es(5) et Tarn et Garonne (5).<\/p>\n<p><strong>LA DEVISE DE L&rsquo;ASSOCIATION CHALLENGE REGIONAL FOULEES 32<\/strong><\/p>\n<p><strong>\u00a0 \u00a0\u00bb LA CONVIVIALITE, LA FIDELITE, LA SOLIDARITE, LE BENEVOLAT\u00a0\u00bb<\/strong><\/p>\n<p><img loading=\"lazy\" decoding=\"async\" class=\"aligncenter wp-image-176 size-full\" src=\"http:\/\/challengeregionalfoulees32.fr\/wp-content\/uploads\/2018\/02\/departs-1-1.jpg\" alt=\"\" width=\"4128\" height=\"2322\" srcset=\"https:\/\/challengeregionalfoulees32.fr\/wp-content\/uploads\/2018\/02\/departs-1-1.jpg 4128w, https:\/\/challengeregionalfoulees32.fr\/wp-content\/uploads\/2018\/02\/departs-1-1-300x169.jpg 300w, https:\/\/challengeregionalfoulees32.fr\/wp-content\/uploads\/2018\/02\/departs-1-1-768x432.jpg 768w, https:\/\/challengeregionalfoulees32.fr\/wp-content\/uploads\/2018\/02\/departs-1-1-1024x576.jpg 1024w\" sizes=\"(max-width: 767px) 89vw, (max-width: 1000px) 54vw, (max-width: 1071px) 543px, 580px\" \/><\/p>\n","protected":false},"excerpt":{"rendered":"<p>lCette ann\u00e9e\u00a0 2024 ce sera 33 dates, 40 \u00e9preuves et un choix de 76 distances allant de 5 kms \u00e0 26kms diss\u00e9min\u00e9es\u00a0 \u00e0 travers le Gers (18) et ses d\u00e9partements limitrophes ( Haute Garonne (5), Landes (2), Lot et Garonne (5) , Hautes Pyr\u00e9n\u00e9es(5) et Tarn et Garonne (5). LA DEVISE DE L&rsquo;ASSOCIATION CHALLENGE REGIONAL &hellip; <\/p>\n<p class=\"link-more\"><a href=\"https:\/\/challengeregionalfoulees32.fr\/\" class=\"more-link\">Continuer la lecture<span class=\"screen-reader-text\"> de &laquo;&nbsp;Accueil&nbsp;&raquo;<\/span><\/a><\/p>\n","protected":false},"author":1,"featured_media":163,"parent":0,"menu_order":0,"comment_status":"closed","ping_status":"closed","template":"","meta":{"footnotes":""},"_links":{"self":[{"href":"https:\/\/challengeregionalfoulees32.fr\/index.php?rest_route=\/wp\/v2\/pages\/7"}],"collection":[{"href":"https:\/\/challengeregionalfoulees32.fr\/index.php?rest_route=\/wp\/v2\/pages"}],"about":[{"href":"https:\/\/challengeregionalfoulees32.fr\/index.php?rest_route=\/wp\/v2\/types\/page"}],"author":[{"embeddable":true,"href":"https:\/\/challengeregionalfoulees32.fr\/index.php?rest_route=\/wp\/v2\/users\/1"}],"replies":[{"embeddable":true,"href":"https:\/\/challengeregionalfoulees32.fr\/index.php?rest_route=%2Fwp%2Fv2%2Fcomments&post=7"}],"version-history":[{"count":21,"href":"https:\/\/challengeregionalfoulees32.fr\/index.php?rest_route=\/wp\/v2\/pages\/7\/revisions"}],"predecessor-version":[{"id":1617,"href":"https:\/\/challengeregionalfoulees32.fr\/index.php?rest_route=\/wp\/v2\/pages\/7\/revisions\/1617"}],"wp:featuredmedia":[{"embeddable":true,"href":"https:\/\/challengeregionalfoulees32.fr\/index.php?rest_route=\/wp\/v2\/media\/163"}],"wp:attachment":[{"href":"https:\/\/challengeregionalfoulees32.fr\/index.php?rest_route=%2Fwp%2Fv2%2Fmedia&parent=7"}],"curies":[{"name":"wp","href":"https:\/\/api.w.org\/{rel}","templated":true}]}}