{"id":810,"date":"2019-05-27T19:33:59","date_gmt":"2019-05-27T17:33:59","guid":{"rendered":"http:\/\/challengeregionalfoulees32.fr\/?page_id=810"},"modified":"2020-01-31T07:55:57","modified_gmt":"2020-01-31T06:55:57","slug":"classement-femmes-2019","status":"publish","type":"page","link":"https:\/\/challengeregionalfoulees32.fr\/?page_id=810","title":{"rendered":"Classement Femmes 2019"},"content":{"rendered":"<p><a href=\"http:\/\/challengeregionalfoulees32.fr\/wp-content\/uploads\/2020\/01\/classement-final-chrf-32-2019-500-premi\u00e8res-f\u00e9minines1-01.pdf\">classement final chrf 32 2019 500 premi\u00e8res f\u00e9minines1 01<\/a><\/p>\n<p><a href=\"http:\/\/challengeregionalfoulees32.fr\/wp-content\/uploads\/2020\/01\/classement-final-chrf-32-2019-500\u00e8res-f\u00e9minines-2-01.pdf\">classement final chrf 32 2019 500\u00e8res f\u00e9minines 2 01<\/a><\/p>\n<p><a href=\"http:\/\/challengeregionalfoulees32.fr\/wp-content\/uploads\/2019\/12\/CLASSEMENT-300-FEMME-2019-1-27-COURSES.pdf\">CLASSEMENT 300\u00a0<\/a><a href=\"http:\/\/challengeregionalfoulees32.fr\/wp-content\/uploads\/2019\/12\/CLASSEMENT-300-FEMME-2019-1-27-COURSES.pdf\">FEMME 2019 1-27 COURSES<\/a><\/p>\n<p><a href=\"http:\/\/challengeregionalfoulees32.fr\/wp-content\/uploads\/2019\/10\/classement-200-premi\u00e8res-femmes-2019-1-\u00e0-23.pdf\">classement 200 premi\u00e8res femmes 2019 1 \u00e0 23<\/a><\/p>\n<p><a href=\"http:\/\/challengeregionalfoulees32.fr\/wp-content\/uploads\/2019\/08\/Classement-Femmes-1-a\u0300-16-courses-2019.pdf\">Classement Femmes 1 a\u0300 16 courses 2019<\/a><\/p>\n<p><a href=\"http:\/\/challengeregionalfoulees32.fr\/wp-content\/uploads\/2019\/05\/Classement-Femmes-1-a\u0300-5-courses-2019.pdf\">Classement Femmes 1 a\u0300 5 courses 2019<\/a><\/p>\n","protected":false},"excerpt":{"rendered":"<p>classement final chrf 32 2019 500 premi\u00e8res f\u00e9minines1 01 classement final chrf 32 2019 500\u00e8res f\u00e9minines 2 01 CLASSEMENT 300\u00a0FEMME 2019 1-27 COURSES classement 200 premi\u00e8res femmes 2019 1 \u00e0 23 Classement Femmes 1 a\u0300 16 courses 2019 Classement Femmes 1 a\u0300 5 courses 2019<\/p>\n","protected":false},"author":1,"featured_media":0,"parent":0,"menu_order":0,"comment_status":"closed","ping_status":"closed","template":"","meta":{"footnotes":""},"_links":{"self":[{"href":"https:\/\/challengeregionalfoulees32.fr\/index.php?rest_route=\/wp\/v2\/pages\/810"}],"collection":[{"href":"https:\/\/challengeregionalfoulees32.fr\/index.php?rest_route=\/wp\/v2\/pages"}],"about":[{"href":"https:\/\/challengeregionalfoulees32.fr\/index.php?rest_route=\/wp\/v2\/types\/page"}],"author":[{"embeddable":true,"href":"https:\/\/challengeregionalfoulees32.fr\/index.php?rest_route=\/wp\/v2\/users\/1"}],"replies":[{"embeddable":true,"href":"https:\/\/challengeregionalfoulees32.fr\/index.php?rest_route=%2Fwp%2Fv2%2Fcomments&post=810"}],"version-history":[{"count":8,"href":"https:\/\/challengeregionalfoulees32.fr\/index.php?rest_route=\/wp\/v2\/pages\/810\/revisions"}],"predecessor-version":[{"id":1013,"href":"https:\/\/challengeregionalfoulees32.fr\/index.php?rest_route=\/wp\/v2\/pages\/810\/revisions\/1013"}],"wp:attachment":[{"href":"https:\/\/challengeregionalfoulees32.fr\/index.php?rest_route=%2Fwp%2Fv2%2Fmedia&parent=810"}],"curies":[{"name":"wp","href":"https:\/\/api.w.org\/{rel}","templated":true}]}}