{"id":9,"date":"2017-12-04T17:41:26","date_gmt":"2017-12-04T16:41:26","guid":{"rendered":"http:\/\/challengeregionalfoulees32.fr\/?page_id=9"},"modified":"2018-12-28T06:08:49","modified_gmt":"2018-12-28T05:08:49","slug":"contact","status":"publish","type":"page","link":"https:\/\/challengeregionalfoulees32.fr\/?page_id=9","title":{"rendered":"Presse 2018"},"content":{"rendered":"<p><a href=\"http:\/\/challengeregionalfoulees32.fr\/wp-content\/uploads\/2018\/12\/30ie\u0300me-courses1467.pdf\">30ie\u0300me courses[1467]<\/a><\/p>\n<p><a href=\"http:\/\/challengeregionalfoulees32.fr\/wp-content\/uploads\/2018\/12\/29ie\u0300me-courses1363.pdf\">29ie\u0300me courses[1363]<\/a><\/p>\n<p><a href=\"http:\/\/challengeregionalfoulees32.fr\/wp-content\/uploads\/2018\/12\/28ie\u0300me-courses1238.pdf\">28ie\u0300me courses[1238]<\/a><\/p>\n<p><a href=\"http:\/\/challengeregionalfoulees32.fr\/wp-content\/uploads\/2018\/11\/27ie\u0300me-courses.pdf\">27ie\u0300me courses<\/a><\/p>\n<p><a href=\"http:\/\/challengeregionalfoulees32.fr\/wp-content\/uploads\/2018\/11\/26ie\u0300me-courses1106.pdf\">26ie\u0300me courses[1106]<\/a><\/p>\n<p><a href=\"http:\/\/challengeregionalfoulees32.fr\/wp-content\/uploads\/2018\/10\/25ie\u0300me-courses.pdf\">25ie\u0300me courses<\/a><\/p>\n<p><a href=\"http:\/\/challengeregionalfoulees32.fr\/wp-content\/uploads\/2018\/10\/23-et-24i\u00e8me-courses-1.pdf\">23 et 24i\u00e8me courses (1)<\/a><\/p>\n<p><a href=\"http:\/\/challengeregionalfoulees32.fr\/wp-content\/uploads\/2018\/09\/22i\u00e8me-courses.pdf\">22i\u00e8me courses<\/a><\/p>\n<p><a href=\"http:\/\/challengeregionalfoulees32.fr\/wp-content\/uploads\/2018\/09\/21i\u00e8me-courses.pdf\">21 i\u00e8me courses<\/a><\/p>\n<p><a href=\"http:\/\/challengeregionalfoulees32.fr\/wp-content\/uploads\/2018\/09\/20i\u00e8me-courses.pdf\">20 i\u00e8me courses<\/a><\/p>\n<p><a href=\"http:\/\/challengeregionalfoulees32.fr\/wp-content\/uploads\/2018\/09\/Presse-18ie\u0300me-course19-ie\u0300me-course.pdf\">Presse 18ie\u0300me course+19 ie\u0300me course<\/a><\/p>\n<p><a href=\"http:\/\/challengeregionalfoulees32.fr\/wp-content\/uploads\/2018\/08\/Presse-16i\u00e8me-et-17-\u00e8me-coursesoptions-A-B.pdf\">Presse 16i\u00e8me et 17 \u00e8me courses+options A B<\/a><\/p>\n<p><a href=\"http:\/\/challengeregionalfoulees32.fr\/wp-content\/uploads\/2018\/08\/Presse-16-course-2018.pdf\">Presse 16 course 2018<\/a><\/p>\n<p><a href=\"http:\/\/challengeregionalfoulees32.fr\/wp-content\/uploads\/2018\/08\/Presse-15-course-2018.pdf\">Presse 15 course 2018<\/a><\/p>\n<p><a href=\"http:\/\/challengeregionalfoulees32.fr\/wp-content\/uploads\/2018\/08\/Presse-13-et-14-course-2018.pdf\">Presse 13 et 14 course 2018<\/a><\/p>\n<p><a href=\"http:\/\/challengeregionalfoulees32.fr\/wp-content\/uploads\/2018\/08\/Presse-11-course-2018.pdf\">Presse 11 course 2018<\/a><\/p>\n<p><a href=\"http:\/\/challengeregionalfoulees32.fr\/wp-content\/uploads\/2018\/08\/PRESSE-10-courses-2018.pdf\">PRESSE 10 courses 2018<\/a><\/p>\n<p><a href=\"http:\/\/challengeregionalfoulees32.fr\/wp-content\/uploads\/2018\/08\/PRESSE-9-courses-2018.pdf\">PRESSE 9 courses 2018<\/a><\/p>\n<p><a href=\"http:\/\/challengeregionalfoulees32.fr\/wp-content\/uploads\/2018\/08\/PRESSE-8-courses-2018.pdf\">PRESSE 8 courses 2018<\/a><\/p>\n<p><a href=\"http:\/\/challengeregionalfoulees32.fr\/wp-content\/uploads\/2018\/08\/PRESSE-7-courses-2018.pdf\">PRESSE 7 courses 2018<\/a><\/p>\n<p><a href=\"http:\/\/challengeregionalfoulees32.fr\/wp-content\/uploads\/2018\/08\/PRESSE-6-courses-2018.pdf\">PRESSE 6 courses 2018<\/a><\/p>\n<p><a href=\"http:\/\/challengeregionalfoulees32.fr\/wp-content\/uploads\/2018\/08\/PRESSE-4ie\u0300me-et-5-ie\u0300me-courses-2018.pdf\">PRESSE 4ie\u0300me et 5 ie\u0300me courses 2018<\/a><\/p>\n<p><a href=\"http:\/\/challengeregionalfoulees32.fr\/wp-content\/uploads\/2018\/08\/PRESSE-3ie\u0300me-courses-2018.pdf\">PRESSE 3ie\u0300me courses 2018<\/a><\/p>\n<p><a href=\"http:\/\/challengeregionalfoulees32.fr\/wp-content\/uploads\/2018\/08\/PRESSE-2ie\u0300me-courses-2018.pdf\">PRESSE 2ie\u0300me courses 2018<\/a><\/p>\n<p><span style=\"vertical-align: inherit;\"><span style=\"vertical-align: inherit;\">presse \u00e9dition-2017 <\/span><\/span><\/p>\n<p>&nbsp;<\/p>\n","protected":false},"excerpt":{"rendered":"<p>30ie\u0300me courses[1467] 29ie\u0300me courses[1363] 28ie\u0300me courses[1238] 27ie\u0300me courses 26ie\u0300me courses[1106] 25ie\u0300me courses 23 et 24i\u00e8me courses (1) 22i\u00e8me courses 21 i\u00e8me courses 20 i\u00e8me courses Presse 18ie\u0300me course+19 ie\u0300me course Presse 16i\u00e8me et 17 \u00e8me courses+options A B Presse 16 course 2018 Presse 15 course 2018 Presse 13 et 14 course 2018 Presse 11 course &hellip; <\/p>\n<p class=\"link-more\"><a href=\"https:\/\/challengeregionalfoulees32.fr\/?page_id=9\" class=\"more-link\">Continuer la lecture<span class=\"screen-reader-text\"> de &laquo;&nbsp;Presse 2018&nbsp;&raquo;<\/span><\/a><\/p>\n","protected":false},"author":1,"featured_media":0,"parent":0,"menu_order":0,"comment_status":"closed","ping_status":"closed","template":"","meta":{"footnotes":""},"_links":{"self":[{"href":"https:\/\/challengeregionalfoulees32.fr\/index.php?rest_route=\/wp\/v2\/pages\/9"}],"collection":[{"href":"https:\/\/challengeregionalfoulees32.fr\/index.php?rest_route=\/wp\/v2\/pages"}],"about":[{"href":"https:\/\/challengeregionalfoulees32.fr\/index.php?rest_route=\/wp\/v2\/types\/page"}],"author":[{"embeddable":true,"href":"https:\/\/challengeregionalfoulees32.fr\/index.php?rest_route=\/wp\/v2\/users\/1"}],"replies":[{"embeddable":true,"href":"https:\/\/challengeregionalfoulees32.fr\/index.php?rest_route=%2Fwp%2Fv2%2Fcomments&post=9"}],"version-history":[{"count":31,"href":"https:\/\/challengeregionalfoulees32.fr\/index.php?rest_route=\/wp\/v2\/pages\/9\/revisions"}],"predecessor-version":[{"id":451,"href":"https:\/\/challengeregionalfoulees32.fr\/index.php?rest_route=\/wp\/v2\/pages\/9\/revisions\/451"}],"wp:attachment":[{"href":"https:\/\/challengeregionalfoulees32.fr\/index.php?rest_route=%2Fwp%2Fv2%2Fmedia&parent=9"}],"curies":[{"name":"wp","href":"https:\/\/api.w.org\/{rel}","templated":true}]}}